{"id":35078,"date":"2024-07-24T21:50:17","date_gmt":"2024-07-24T21:50:17","guid":{"rendered":"https:\/\/remisesvlz.com\/nueva\/?page_id=35078"},"modified":"2025-09-13T14:29:10","modified_gmt":"2025-09-13T14:29:10","slug":"remises-vlz-en-zona-oeste","status":"publish","type":"page","link":"https:\/\/vlztraslados.com\/home\/remises-vlz-en-zona-oeste\/","title":{"rendered":"Remises VLZ en Zona Oeste"},"content":{"rendered":"\t\t<div data-elementor-type=\"wp-page\" data-elementor-id=\"35078\" class=\"elementor elementor-35078\" data-elementor-post-type=\"page\">\n\t\t\t\t<div class=\"elementor-element elementor-element-45a94ce e-flex e-con-boxed e-con e-parent\" data-id=\"45a94ce\" data-element_type=\"container\" data-e-type=\"container\">\n\t\t\t\t\t<div class=\"e-con-inner\">\n\t\t\t\t<div class=\"elementor-element elementor-element-16478c15 elementor-widget__width-inherit elementor-widget elementor-widget-heading\" data-id=\"16478c15\" data-element_type=\"widget\" data-e-type=\"widget\" data-widget_type=\"heading.default\">\n\t\t\t\t<div class=\"elementor-widget-container\">\n\t\t\t\t\t<h2 class=\"elementor-heading-title elementor-size-default\">Tu tranquilidad es nuestra prioridad. Con nosotros, cada traslado es sin\u00f3nimo de puntualidad, confort y excelencia.<\/h2>\t\t\t\t<\/div>\n\t\t\t\t<\/div>\n\t\t\t\t<div class=\"elementor-element elementor-element-5e1e922 elementor-widget elementor-widget-spacer\" data-id=\"5e1e922\" data-element_type=\"widget\" data-e-type=\"widget\" data-widget_type=\"spacer.default\">\n\t\t\t\t<div class=\"elementor-widget-container\">\n\t\t\t\t\t\t\t<div class=\"elementor-spacer\">\n\t\t\t<div class=\"elementor-spacer-inner\"><\/div>\n\t\t<\/div>\n\t\t\t\t\t\t<\/div>\n\t\t\t\t<\/div>\n\t\t<div class=\"elementor-element elementor-element-534234ce e-con-full e-flex e-con e-child\" data-id=\"534234ce\" data-element_type=\"container\" data-e-type=\"container\">\n\t\t<div class=\"elementor-element elementor-element-3912551f e-grid e-con-full e-con e-child\" data-id=\"3912551f\" data-element_type=\"container\" data-e-type=\"container\">\n\t\t\t\t<div class=\"elementor-element elementor-element-7c8c3a5a elementor-widget__width-inherit elementor-widget elementor-widget-text-editor\" data-id=\"7c8c3a5a\" data-element_type=\"widget\" data-e-type=\"widget\" data-widget_type=\"text-editor.default\">\n\t\t\t\t<div class=\"elementor-widget-container\">\n\t\t\t\t\t\t\t\t\t<p><strong><span style=\"color: #e8a30c;\">VLZ<\/span>\u00a0TRASLADOS\u00a0<\/strong>est\u00e1 disponible las 24 horas, los 7 d\u00edas de la semana, ofreciendo servicios individuales y grupales con los m\u00e1s altos est\u00e1ndares de calidad.<\/p><p>Nuestros veh\u00edculos se adaptan a tus necesidades:<br \/><img decoding=\"async\" class=\"emoji\" role=\"img\" draggable=\"false\" src=\"https:\/\/s.w.org\/images\/core\/emoji\/16.0.1\/svg\/2714.svg\" alt=\"\u2714\" loading=\"lazy\" \/>\u00a0Remises para hasta 4 pasajeros.<\/p><p><img decoding=\"async\" class=\"emoji\" role=\"img\" draggable=\"false\" src=\"https:\/\/s.w.org\/images\/core\/emoji\/16.0.1\/svg\/2714.svg\" alt=\"\u2714\" loading=\"lazy\" \/>\u00a0Veh\u00edculos grupales con capacidad para hasta 60 pasajeros.<\/p><p>Reserva tu traslado con nosotros y disfruta de un servicio confiable y c\u00f3modo, garantizado por choferes altamente profesionales.<\/p><p><strong>Partido de Tres de Febrero:<\/strong> Ciudad Jard\u00edn, Ciudadela, El Palomar, Jos\u00e9 Ingenieros, Loma Hermosa, Martin Coronado, Pablo Podest\u00e1, S\u00e1enz Pe\u00f1a, Santos Lugares y Villa Bosch.<\/p><p><strong>Partido de Hurlingham:<\/strong> Hurlingham y Villa Tesei.<\/p><p><strong>Partido de Mor\u00f3n:<\/strong> Castelar, Haedo, Mor\u00f3n y Palomar.<\/p><p><strong>Partido de Ituzaing\u00f3:<\/strong> Ituzaing\u00f3, Parque Leloir y Villa Le\u00f3n.<\/p><p><strong>Partido de Merlo:<\/strong> Libertad, Merlo, Parque San Martin y San Antonio de Padua.<\/p><p><strong>Partido de La Matanza:<\/strong> Ramos Mej\u00eda, Ciudad Evita, Gonz\u00e1lez Cat\u00e1n , Gregorio de Laferrere, Lomas del Mirador, Rafael Castillo, San Justo, Tablada, Villa Celina, Villa Luzuriaga y Villa Madero.<\/p><p><strong>Partido de Moreno:<\/strong> Francisco \u00c1lvarez, La Reja, Moreno y Paso del Rey.<\/p>\t\t\t\t\t\t\t\t<\/div>\n\t\t\t\t<\/div>\n\t\t\t\t<\/div>\n\t\t\t\t<div class=\"elementor-element elementor-element-538cec62 elementor-widget elementor-widget-spacer\" data-id=\"538cec62\" data-element_type=\"widget\" data-e-type=\"widget\" data-widget_type=\"spacer.default\">\n\t\t\t\t<div class=\"elementor-widget-container\">\n\t\t\t\t\t\t\t<div class=\"elementor-spacer\">\n\t\t\t<div class=\"elementor-spacer-inner\"><\/div>\n\t\t<\/div>\n\t\t\t\t\t\t<\/div>\n\t\t\t\t<\/div>\n\t\t<div class=\"elementor-element elementor-element-75a1caef e-grid e-con-full elementor-hidden-desktop elementor-hidden-tablet elementor-hidden-mobile e-con e-child\" data-id=\"75a1caef\" data-element_type=\"container\" data-e-type=\"container\">\n\t\t\t\t<div class=\"elementor-element elementor-element-c8c8d0a elementor-widget elementor-widget-text-editor\" data-id=\"c8c8d0a\" data-element_type=\"widget\" data-e-type=\"widget\" data-widget_type=\"text-editor.default\">\n\t\t\t\t<div class=\"elementor-widget-container\">\n\t\t\t\t\t\t\t\t\t<p>Agronom\u00eda<\/p><p>Almagro<\/p><p>Balvanera<\/p><p>Barracas<\/p><p>Belgrano<\/p><p>Boedo<\/p><p>Caballito<\/p><p>Chacarita<\/p><p>Coghlan<\/p><p>Colegiales<\/p><p>Constituci\u00f3n<\/p><p>Flores<\/p>\t\t\t\t\t\t\t\t<\/div>\n\t\t\t\t<\/div>\n\t\t\t\t<div class=\"elementor-element elementor-element-5a6c4516 elementor-widget elementor-widget-text-editor\" data-id=\"5a6c4516\" data-element_type=\"widget\" data-e-type=\"widget\" data-widget_type=\"text-editor.default\">\n\t\t\t\t<div class=\"elementor-widget-container\">\n\t\t\t\t\t\t\t\t\t<p>Floresta<\/p><p>La Boca<\/p><p>La Paternal<\/p><p>Liniers<\/p><p>Mataderos<\/p><p>Monte Castro<\/p><p>Monserrat<\/p><p>Nueva Pompeya<\/p><p>N\u00fa\u00f1ez<\/p><p>Palermo<\/p><p>Parque Avellaneda<\/p><p>Parque Chacabuco<\/p>\t\t\t\t\t\t\t\t<\/div>\n\t\t\t\t<\/div>\n\t\t\t\t<div class=\"elementor-element elementor-element-7d36800f elementor-widget elementor-widget-text-editor\" data-id=\"7d36800f\" data-element_type=\"widget\" data-e-type=\"widget\" data-widget_type=\"text-editor.default\">\n\t\t\t\t<div class=\"elementor-widget-container\">\n\t\t\t\t\t\t\t\t\t<p>Parque Chas<\/p><p>Parque Patricios<\/p><p>Puerto Madero<\/p><p>Recoleta<\/p><p>Retiro<\/p><p>Saavedra<\/p><p>San Crist\u00f3bal<\/p><p>San Nicol\u00e1s<\/p><p>San Telmo<\/p><p>V\u00e9lez S\u00e1rsfield<\/p><p>Versalles<\/p><p>Villa Crespo<\/p>\t\t\t\t\t\t\t\t<\/div>\n\t\t\t\t<\/div>\n\t\t\t\t<div class=\"elementor-element elementor-element-724dbaf5 elementor-widget elementor-widget-text-editor\" data-id=\"724dbaf5\" data-element_type=\"widget\" data-e-type=\"widget\" data-widget_type=\"text-editor.default\">\n\t\t\t\t<div class=\"elementor-widget-container\">\n\t\t\t\t\t\t\t\t\t<p>Villa del Parque<\/p><p>Villa Devoto<\/p><p>Villa General Mitre<\/p><p>Villa Lugano<\/p><p>Villa Luro<\/p><p>Villa Ort\u00fazar<\/p><p>Villa Pueyrred\u00f3n<\/p><p>Villa Real<\/p><p>Villa Riachuelo<\/p><p>Villa Santa Rita<\/p><p>Villa Soldati<\/p><p>Villa Urquiza<\/p>\t\t\t\t\t\t\t\t<\/div>\n\t\t\t\t<\/div>\n\t\t\t\t<\/div>\n\t\t\t\t<\/div>\n\t\t\t\t\t<\/div>\n\t\t\t\t<\/div>\n\t\t<div class=\"elementor-element elementor-element-11105b01 e-flex e-con-boxed e-con e-parent\" data-id=\"11105b01\" data-element_type=\"container\" data-e-type=\"container\">\n\t\t\t\t\t<div class=\"e-con-inner\">\n\t\t\t\t<div class=\"elementor-element elementor-element-17150cf6 elementor-widget elementor-widget-text-editor\" data-id=\"17150cf6\" data-element_type=\"widget\" data-e-type=\"widget\" data-widget_type=\"text-editor.default\">\n\t\t\t\t<div class=\"elementor-widget-container\">\n\t\t\t\t\t\t\t\t\t<p style=\"text-align: center;\">\u2708\ufe0f <strong>Reservas a aeropuertos y terminales con puntualidad garantizada<\/strong>.<br \/>\ud83d\udcb0 \u00a1Aprovecha nuestro <strong>10 % de descuento<\/strong> reservando ida y vuelta!<\/p>\t\t\t\t\t\t\t\t<\/div>\n\t\t\t\t<\/div>\n\t\t\t\t<div class=\"elementor-element elementor-element-24d4b38 elementor-widget elementor-widget-spacer\" data-id=\"24d4b38\" data-element_type=\"widget\" data-e-type=\"widget\" data-widget_type=\"spacer.default\">\n\t\t\t\t<div class=\"elementor-widget-container\">\n\t\t\t\t\t\t\t<div class=\"elementor-spacer\">\n\t\t\t<div class=\"elementor-spacer-inner\"><\/div>\n\t\t<\/div>\n\t\t\t\t\t\t<\/div>\n\t\t\t\t<\/div>\n\t\t\t\t\t<\/div>\n\t\t\t\t<\/div>\n\t\t<div class=\"elementor-element elementor-element-3be18257 e-con-full e-flex e-con e-parent\" data-id=\"3be18257\" data-element_type=\"container\" data-e-type=\"container\">\n\t\t\t\t<div class=\"elementor-element elementor-element-17876495 elementor-widget elementor-widget-spacer\" data-id=\"17876495\" data-element_type=\"widget\" data-e-type=\"widget\" data-widget_type=\"spacer.default\">\n\t\t\t\t<div class=\"elementor-widget-container\">\n\t\t\t\t\t\t\t<div class=\"elementor-spacer\">\n\t\t\t<div class=\"elementor-spacer-inner\"><\/div>\n\t\t<\/div>\n\t\t\t\t\t\t<\/div>\n\t\t\t\t<\/div>\n\t\t\t\t<div class=\"elementor-element elementor-element-10ff216d elementor-widget elementor-widget-spacer\" data-id=\"10ff216d\" data-element_type=\"widget\" data-e-type=\"widget\" data-widget_type=\"spacer.default\">\n\t\t\t\t<div class=\"elementor-widget-container\">\n\t\t\t\t\t\t\t<div class=\"elementor-spacer\">\n\t\t\t<div class=\"elementor-spacer-inner\"><\/div>\n\t\t<\/div>\n\t\t\t\t\t\t<\/div>\n\t\t\t\t<\/div>\n\t\t\t\t<\/div>\n\t\t\t\t<\/div>\n\t\t","protected":false},"excerpt":{"rendered":"<p>Tu tranquilidad es nuestra prioridad. Con nosotros, cada traslado es sin\u00f3nimo de puntualidad, confort y excelencia. VLZ\u00a0TRASLADOS\u00a0est\u00e1 disponible las 24 horas, los 7 d\u00edas de la semana, ofreciendo servicios individuales y grupales con los m\u00e1s altos est\u00e1ndares de calidad. Nuestros veh\u00edculos se adaptan a tus necesidades:\u00a0Remises para hasta 4 pasajeros. \u00a0Veh\u00edculos grupales con capacidad para [&hellip;]<\/p>\n","protected":false},"author":1,"featured_media":0,"parent":0,"menu_order":0,"comment_status":"closed","ping_status":"closed","template":"","meta":{"postBodyCss":"","postBodyMargin":[],"postBodyPadding":[],"postBodyBackground":{"backgroundType":"classic","gradient":""},"site-sidebar-layout":"no-sidebar","site-content-layout":"page-builder","ast-site-content-layout":"full-width-container","site-content-style":"default","site-sidebar-style":"default","ast-global-header-display":"","ast-banner-title-visibility":"","ast-main-header-display":"","ast-hfb-above-header-display":"","ast-hfb-below-header-display":"","ast-hfb-mobile-header-display":"","site-post-title":"disabled","ast-breadcrumbs-content":"","ast-featured-img":"disabled","footer-sml-layout":"","ast-disable-related-posts":"","theme-transparent-header-meta":"","adv-header-id-meta":"","stick-header-meta":"","header-above-stick-meta":"","header-main-stick-meta":"","header-below-stick-meta":"","astra-migrate-meta-layouts":"set","ast-page-background-enabled":"default","ast-page-background-meta":{"desktop":{"background-color":"","background-image":"","background-repeat":"repeat","background-position":"center center","background-size":"auto","background-attachment":"scroll","background-type":"","background-media":"","overlay-type":"","overlay-color":"","overlay-opacity":"","overlay-gradient":""},"tablet":{"background-color":"","background-image":"","background-repeat":"repeat","background-position":"center center","background-size":"auto","background-attachment":"scroll","background-type":"","background-media":"","overlay-type":"","overlay-color":"","overlay-opacity":"","overlay-gradient":""},"mobile":{"background-color":"","background-image":"","background-repeat":"repeat","background-position":"center center","background-size":"auto","background-attachment":"scroll","background-type":"","background-media":"","overlay-type":"","overlay-color":"","overlay-opacity":"","overlay-gradient":""}},"ast-content-background-meta":{"desktop":{"background-color":"var(--ast-global-color-5)","background-image":"","background-repeat":"repeat","background-position":"center center","background-size":"auto","background-attachment":"scroll","background-type":"","background-media":"","overlay-type":"","overlay-color":"","overlay-opacity":"","overlay-gradient":""},"tablet":{"background-color":"var(--ast-global-color-5)","background-image":"","background-repeat":"repeat","background-position":"center center","background-size":"auto","background-attachment":"scroll","background-type":"","background-media":"","overlay-type":"","overlay-color":"","overlay-opacity":"","overlay-gradient":""},"mobile":{"background-color":"var(--ast-global-color-5)","background-image":"","background-repeat":"repeat","background-position":"center center","background-size":"auto","background-attachment":"scroll","background-type":"","background-media":"","overlay-type":"","overlay-color":"","overlay-opacity":"","overlay-gradient":""}},"footnotes":""},"class_list":["post-35078","page","type-page","status-publish","hentry"],"_links":{"self":[{"href":"https:\/\/vlztraslados.com\/home\/wp-json\/wp\/v2\/pages\/35078","targetHints":{"allow":["GET"]}}],"collection":[{"href":"https:\/\/vlztraslados.com\/home\/wp-json\/wp\/v2\/pages"}],"about":[{"href":"https:\/\/vlztraslados.com\/home\/wp-json\/wp\/v2\/types\/page"}],"author":[{"embeddable":true,"href":"https:\/\/vlztraslados.com\/home\/wp-json\/wp\/v2\/users\/1"}],"replies":[{"embeddable":true,"href":"https:\/\/vlztraslados.com\/home\/wp-json\/wp\/v2\/comments?post=35078"}],"version-history":[{"count":28,"href":"https:\/\/vlztraslados.com\/home\/wp-json\/wp\/v2\/pages\/35078\/revisions"}],"predecessor-version":[{"id":39356,"href":"https:\/\/vlztraslados.com\/home\/wp-json\/wp\/v2\/pages\/35078\/revisions\/39356"}],"wp:attachment":[{"href":"https:\/\/vlztraslados.com\/home\/wp-json\/wp\/v2\/media?parent=35078"}],"curies":[{"name":"wp","href":"https:\/\/api.w.org\/{rel}","templated":true}]}}